{"id":9252,"date":"2022-01-28T07:14:56","date_gmt":"2022-01-28T07:14:56","guid":{"rendered":"https:\/\/montsignus.com\/?page_id=9252"},"modified":"2022-01-28T08:34:42","modified_gmt":"2022-01-28T08:34:42","slug":"vallmar-2","status":"publish","type":"page","link":"https:\/\/montsignus.com\/es\/vallmar-2\/","title":{"rendered":"VALLMAR"},"content":{"rendered":"<p>[et_pb_section fb_built=&#8221;1&#8243; admin_label=&#8221;Hero Section&#8221; _builder_version=&#8221;4.14.7&#8243; use_background_color_gradient=&#8221;on&#8221; background_color_gradient_start=&#8221;#000000&#8243; background_color_gradient_end=&#8221;rgba(0,0,0,0)&#8221; background_color_gradient_direction=&#8221;120deg&#8221; background_color_gradient_overlays_image=&#8221;on&#8221; background_image=&#8221;http:\/\/montsignus.com\/wp-content\/uploads\/2022\/01\/20200303_183757.jpg&#8221; custom_padding=&#8221;10%||24.4%|||&#8221; global_colors_info=&#8221;{}&#8221;][\/et_pb_section][et_pb_section fb_built=&#8221;1&#8243; _builder_version=&#8221;4.14.7&#8243; _module_preset=&#8221;default&#8221; custom_padding=&#8221;||0px|||&#8221; global_colors_info=&#8221;{}&#8221;][et_pb_row _builder_version=&#8221;4.14.7&#8243; _module_preset=&#8221;default&#8221; custom_padding=&#8221;||0px|||&#8221; global_colors_info=&#8221;{}&#8221;][et_pb_column type=&#8221;4_4&#8243; _builder_version=&#8221;4.14.7&#8243; _module_preset=&#8221;default&#8221; global_colors_info=&#8221;{}&#8221;][et_pb_text _builder_version=&#8221;4.14.7&#8243; _module_preset=&#8221;default&#8221; global_colors_info=&#8221;{}&#8221;]<\/p>\n<h1 style=\"text-align: center;\"><span style=\"color: #0000ff;\"><strong>\u00a035K GRANOLLERS-\u00f2rrius-MATAR\u00d3 \/ 21k \u00d2rrius-Matar\u00f3<\/strong><\/span><\/h1>\n<p>[\/et_pb_text][\/et_pb_column][\/et_pb_row][\/et_pb_section][et_pb_section fb_built=&#8221;1&#8243; _builder_version=&#8221;4.14.7&#8243; _module_preset=&#8221;default&#8221; custom_padding=&#8221;0px||62px|||&#8221; global_colors_info=&#8221;{}&#8221;][et_pb_row _builder_version=&#8221;4.14.7&#8243; _module_preset=&#8221;default&#8221; global_colors_info=&#8221;{}&#8221;][et_pb_column type=&#8221;4_4&#8243; _builder_version=&#8221;4.14.7&#8243; _module_preset=&#8221;default&#8221; global_colors_info=&#8221;{}&#8221;][et_pb_text _builder_version=&#8221;4.14.7&#8243; _module_preset=&#8221;default&#8221; custom_padding=&#8221;0px|||||&#8221; inline_fonts=&#8221;Abel,ABeeZee&#8221; global_colors_info=&#8221;{}&#8221;]<\/p>\n<h3 style=\"text-align: center;\"><strong><span style=\"font-family: Abel;\">Tornem! torna la Vallmar, despr\u00e9s de tot aquest temps,EL 26 DE JUNY tornem amb m\u00e9s ganes que mai.<\/span><\/strong><\/h3>\n<p style=\"text-align: center;\"><span style=\"font-family: inherit; font-weight: normal; color: #0b55bc;\"><strong>S\u00ed, s\u00ed! ho has llegit b\u00e9, tornem amb m\u00e9s \u00e0nims, amb m\u00e9s forces i amb dues dist\u00e0cies. La cl\u00e0ssica Granollers-Matar\u00f3 de 35k i la nova \u00d2rrius-Matar\u00f3 de 21k.<\/strong><\/span><\/p>\n<p style=\"text-align: center;\">Sortirem des de la Porxada i des de Orrius i arribarem a Matar\u00f3, la Mediterr\u00e0nia t&#8217;espera&#8230;<\/p>\n<p style=\"text-align: center;\">Ja ho saps, el proper 26 de juny vine a gaudir amb nosaltres d&#8217;aquesta cursa de mar i muntanya, 35K o 21k tu tries, el que no et deixarem triar, \u00e9s el final, que com sempre ser\u00e0 a la platja de Matar\u00f3 i, amb una cervesa ben freda i un bon plat de fideu\u00e0&#8230; Qu\u00e8 m\u00e9s vols&#8230;?<\/p>\n<p>[\/et_pb_text][\/et_pb_column][\/et_pb_row][\/et_pb_section][et_pb_section fb_built=&#8221;1&#8243; _builder_version=&#8221;4.14.7&#8243; _module_preset=&#8221;default&#8221; use_background_color_gradient=&#8221;on&#8221; background_color_gradient_start=&#8221;#010a04&#8243; background_color_gradient_end=&#8221;rgba(0,23,173,0)&#8221; custom_padding=&#8221;1px||0px|||&#8221; global_colors_info=&#8221;{}&#8221;][et_pb_row column_structure=&#8221;1_2,1_2&#8243; _builder_version=&#8221;4.14.7&#8243; _module_preset=&#8221;default&#8221; global_colors_info=&#8221;{}&#8221;][et_pb_column type=&#8221;1_2&#8243; _builder_version=&#8221;4.14.7&#8243; _module_preset=&#8221;default&#8221; global_colors_info=&#8221;{}&#8221;][et_pb_text _builder_version=&#8221;4.14.7&#8243; _module_preset=&#8221;default&#8221; global_colors_info=&#8221;{}&#8221;]<\/p>\n<h3 style=\"text-align: center;\"><span style=\"color: #0000ff;\"><strong>GRANOLLERS-Matar\u00f3 35K<\/strong><\/span><\/h3>\n<p>[\/et_pb_text][\/et_pb_column][et_pb_column type=&#8221;1_2&#8243; _builder_version=&#8221;4.14.7&#8243; _module_preset=&#8221;default&#8221; global_colors_info=&#8221;{}&#8221;][et_pb_text _builder_version=&#8221;4.14.7&#8243; _module_preset=&#8221;default&#8221; global_colors_info=&#8221;{}&#8221;]<\/p>\n<h3 style=\"text-align: center;\"><span style=\"color: #0000ff;\"><strong>\u00d2RRIUS-MATAR\u00d3 21K<\/strong><\/span><\/h3>\n<p>[\/et_pb_text][\/et_pb_column][\/et_pb_row][\/et_pb_section][et_pb_section fb_built=&#8221;1&#8243; _builder_version=&#8221;4.14.7&#8243; _module_preset=&#8221;default&#8221; global_colors_info=&#8221;{}&#8221;][et_pb_row column_structure=&#8221;1_2,1_2&#8243; _builder_version=&#8221;4.14.7&#8243; _module_preset=&#8221;default&#8221; custom_padding=&#8221;0px|||||&#8221; hover_enabled=&#8221;0&#8243; global_colors_info=&#8221;{}&#8221; sticky_enabled=&#8221;0&#8243;][et_pb_column type=&#8221;1_2&#8243; _builder_version=&#8221;4.14.7&#8243; _module_preset=&#8221;default&#8221; global_colors_info=&#8221;{}&#8221;][et_pb_image src=&#8221;http:\/\/montsignus.com\/wp-content\/uploads\/2022\/01\/Perfil-Avituallaments-vallmar-2022.jpg&#8221; alt=&#8221;vallmar trail running&#8221; title_text=&#8221;Perfil Avituallaments &#8211; vallmar 2022&#8243; _builder_version=&#8221;4.14.7&#8243; _module_preset=&#8221;default&#8221; custom_padding=&#8221;0px|||||&#8221; hover_enabled=&#8221;0&#8243; global_colors_info=&#8221;{}&#8221; sticky_enabled=&#8221;0&#8243;][\/et_pb_image][et_pb_icon font_icon=&#8221;&#xe069;||divi||400&#8243; icon_color=&#8221;#0C71C3&#8243; icon_width=&#8221;42px&#8221; _builder_version=&#8221;4.14.7&#8243; _module_preset=&#8221;default&#8221; global_colors_info=&#8221;{}&#8221;][\/et_pb_icon][et_pb_text _builder_version=&#8221;4.14.7&#8243; _module_preset=&#8221;default&#8221; global_colors_info=&#8221;{}&#8221;]<\/p>\n<ul>\n<li style=\"text-align: left;\">Data: 26 de juny 2022<\/li>\n<li style=\"text-align: left;\">Sortida: Pla\u00e7a de la Porxada 08h<\/li>\n<li style=\"text-align: left;\">Arribada: Platja de Matar\u00f3<\/li>\n<li style=\"text-align: left;\">Dist\u00e0ncia: 35k<\/li>\n<li style=\"text-align: left;\">Desnivell +: 1.076 mtr<\/li>\n<li style=\"text-align: left;\">Reuni\u00f3 informativa: 7:50h zona de sortida<\/li>\n<li style=\"text-align: left;\">Dorsals: Dissabte de 17h a 20h i diumenge de 07h a 07:45h<br \/>(La Porxada\/Granollers)<\/li>\n<li style=\"text-align: left;\">Temps m\u00e0xim per fer la cursa: 5 hores i 30 minuts<\/li>\n<li style=\"text-align: left;\">\n<p>Elevaci\u00f3 m\u00e0xima: 523 mtr.<\/p>\n<\/li>\n<li style=\"text-align: left;\">\n<p>Avituallament: Tres, m\u00e9s arribada (tot 4)<\/p>\n<\/li>\n<\/ul>\n<p>[\/et_pb_text][\/et_pb_column][et_pb_column type=&#8221;1_2&#8243; _builder_version=&#8221;4.14.7&#8243; _module_preset=&#8221;default&#8221; global_colors_info=&#8221;{}&#8221;][et_pb_image src=&#8221;http:\/\/montsignus.com\/wp-content\/uploads\/2022\/01\/perfil-mitja-vallmar-2022.jpg&#8221; alt=&#8221;vallmar trail running&#8221; title_text=&#8221;perfil mitja vallmar 2022&#8243; _builder_version=&#8221;4.14.7&#8243; _module_preset=&#8221;default&#8221; hover_enabled=&#8221;0&#8243; global_colors_info=&#8221;{}&#8221; sticky_enabled=&#8221;0&#8243;][\/et_pb_image][et_pb_icon font_icon=&#8221;&#xe069;||divi||400&#8243; icon_color=&#8221;#0C71C3&#8243; icon_width=&#8221;42px&#8221; _builder_version=&#8221;4.14.7&#8243; _module_preset=&#8221;default&#8221; global_colors_info=&#8221;{}&#8221;][\/et_pb_icon][et_pb_text _builder_version=&#8221;4.14.7&#8243; _module_preset=&#8221;default&#8221; global_colors_info=&#8221;{}&#8221;]<\/p>\n<ul>\n<li style=\"text-align: left;\">Data: 26 de juny 2022<\/li>\n<li style=\"text-align: left;\">Sortida: Piscines \u00d2rrius 08:30h<\/li>\n<li style=\"text-align: left;\">Arribada: Platja de Matar\u00f3<\/li>\n<li style=\"text-align: left;\">Dist\u00e0ncia: 21k<\/li>\n<li style=\"text-align: left;\">Desnivell +: 346 mtr<\/li>\n<li style=\"text-align: left;\">Reuni\u00f3 informativa: 8:20h zona de sortida<\/li>\n<li style=\"text-align: left;\">Dorsals: Dissabte de 17h a 20h i diumenge de 07h a 07:45h<br \/>(La Porxada\/Granollers)<\/li>\n<li style=\"text-align: left;\">Temps m\u00e0xim per fer la cursa: 3 hores i 30 minuts<\/li>\n<li style=\"text-align: left;\">\n<p>Elevaci\u00f3 m\u00e0xima: 405 mtr.<\/p>\n<\/li>\n<li style=\"text-align: left;\">\n<p>Avituallament: dos, m\u00e9s arribada (tot 3)<\/p>\n<\/li>\n<\/ul>\n<p>[\/et_pb_text][\/et_pb_column][\/et_pb_row][et_pb_row _builder_version=&#8221;4.14.7&#8243; _module_preset=&#8221;default&#8221; global_colors_info=&#8221;{}&#8221;][et_pb_column type=&#8221;4_4&#8243; _builder_version=&#8221;4.14.7&#8243; _module_preset=&#8221;default&#8221; global_colors_info=&#8221;{}&#8221;][et_pb_text _builder_version=&#8221;4.14.7&#8243; _module_preset=&#8221;default&#8221; global_colors_info=&#8221;{}&#8221;]<\/p>\n<p style=\"text-align: center;\"><span style=\"color: #0000ff;\"><strong>IMPORTANT<\/strong><\/span><\/p>\n<p style=\"text-align: center;\">La Vallmar no t\u00e9 un recorregut circular en cap de les seves dist\u00e0ncies, per aquest motiu, teniu a la vostra disposici\u00f3 un servei de transport amb sortida des de Matar\u00f3 i arribada a Granollers i \u00d2rrius.<\/p>\n<p style=\"text-align: center;\">Aquest servei nom\u00e9s \u00e9s pot contractar en el moment de fer la teva inscripci\u00f3, i te un cost de 10\u20ac.<\/p>\n<p>[\/et_pb_text][\/et_pb_column][\/et_pb_row][et_pb_row column_structure=&#8221;1_3,1_3,1_3&#8243; _builder_version=&#8221;4.14.7&#8243; _module_preset=&#8221;default&#8221; global_colors_info=&#8221;{}&#8221;][et_pb_column type=&#8221;1_3&#8243; _builder_version=&#8221;4.14.7&#8243; _module_preset=&#8221;default&#8221; global_colors_info=&#8221;{}&#8221;][et_pb_button button_url=&#8221;https:\/\/montsignus.com\/producto\/vallmar\/&#8221; url_new_window=&#8221;on&#8221; button_text=&#8221;M&#8217;inscric 35k&#8221; button_alignment=&#8221;center&#8221; _builder_version=&#8221;4.14.7&#8243; _module_preset=&#8221;default&#8221; custom_button=&#8221;on&#8221; button_text_size=&#8221;18px&#8221; button_text_color=&#8221;#0C71C3&#8243; global_colors_info=&#8221;{}&#8221;][\/et_pb_button][\/et_pb_column][et_pb_column type=&#8221;1_3&#8243; _builder_version=&#8221;4.14.7&#8243; _module_preset=&#8221;default&#8221; global_colors_info=&#8221;{}&#8221;][et_pb_button button_url=&#8221;https:\/\/es.wikiloc.com\/rutas-outdoor\/vallmar-2019-36934641&#8243; url_new_window=&#8221;on&#8221; button_text=&#8221;TRACK&#8221; button_alignment=&#8221;center&#8221; _builder_version=&#8221;4.14.7&#8243; _module_preset=&#8221;default&#8221; custom_button=&#8221;on&#8221; button_text_size=&#8221;18px&#8221; button_text_color=&#8221;#0C71C3&#8243; button_bg_color=&#8221;#FFFFFF&#8221; button_text_shadow_style=&#8221;preset2&#8243; box_shadow_style=&#8221;preset2&#8243; global_colors_info=&#8221;{}&#8221;][\/et_pb_button][\/et_pb_column][et_pb_column type=&#8221;1_3&#8243; _builder_version=&#8221;4.14.7&#8243; _module_preset=&#8221;default&#8221; global_colors_info=&#8221;{}&#8221;][et_pb_button button_url=&#8221;https:\/\/montsignus.com\/producto\/vallmar-21k\/%20&#8243; url_new_window=&#8221;on&#8221; button_text=&#8221;M&#8217;inscric 21k&#8221; button_alignment=&#8221;center&#8221; _builder_version=&#8221;4.14.7&#8243; _module_preset=&#8221;default&#8221; custom_button=&#8221;on&#8221; button_text_size=&#8221;18px&#8221; button_text_color=&#8221;#0C71C3&#8243; global_colors_info=&#8221;{}&#8221;][\/et_pb_button][\/et_pb_column][\/et_pb_row][et_pb_row _builder_version=&#8221;4.14.7&#8243; _module_preset=&#8221;default&#8221; global_colors_info=&#8221;{}&#8221;][et_pb_column type=&#8221;4_4&#8243; _builder_version=&#8221;4.14.7&#8243; _module_preset=&#8221;default&#8221; global_colors_info=&#8221;{}&#8221;][et_pb_button button_url=&#8221;http:\/\/montsignus.com\/wp-content\/uploads\/2022\/01\/REGLAMENT-vallmar20.docx-22.pdf&#8221; button_text=&#8221;Reglament&#8221; button_alignment=&#8221;center&#8221; _builder_version=&#8221;4.14.7&#8243; _module_preset=&#8221;default&#8221; custom_button=&#8221;on&#8221; button_text_size=&#8221;17px&#8221; button_text_color=&#8221;#0C71C3&#8243; global_colors_info=&#8221;{}&#8221;][\/et_pb_button][\/et_pb_column][\/et_pb_row][\/et_pb_section][et_pb_section fb_built=&#8221;1&#8243; _builder_version=&#8221;4.14.7&#8243; _module_preset=&#8221;default&#8221; background_image=&#8221;http:\/\/montsignus.com\/wp-content\/uploads\/2022\/01\/81598008_2615016941900513_92828498263015424_o.jpg&#8221; custom_padding=&#8221;398px|||||&#8221; filter_saturate=&#8221;119%&#8221; filter_brightness=&#8221;135%&#8221; filter_contrast=&#8221;128%&#8221; filter_opacity=&#8221;38%&#8221; global_colors_info=&#8221;{}&#8221;][et_pb_row _builder_version=&#8221;4.14.7&#8243; _module_preset=&#8221;default&#8221; custom_margin=&#8221;-22px|auto||auto||&#8221; custom_padding=&#8221;92px||42px|||&#8221; global_colors_info=&#8221;{}&#8221;][et_pb_column type=&#8221;4_4&#8243; _builder_version=&#8221;4.14.7&#8243; _module_preset=&#8221;default&#8221; global_colors_info=&#8221;{}&#8221;][et_pb_text _builder_version=&#8221;4.14.7&#8243; _module_preset=&#8221;default&#8221; text_text_color=&#8221;#0C71C3&#8243; text_font_size=&#8221;35px&#8221; use_background_color_gradient=&#8221;on&#8221; background_color_gradient_start=&#8221;#000000&#8243; background_color_gradient_end=&#8221;#19687a&#8221; custom_margin=&#8221;-76px|||||&#8221; custom_padding=&#8221;||13px|||&#8221; global_colors_info=&#8221;{}&#8221;]<\/p>\n<p style=\"text-align: center;\"><span style=\"color: #ffffff;\"><strong>En qu\u00e8 et podem ajudar?\u00a0montsignus@gmail.com<\/strong><\/span><\/p>\n<p>[\/et_pb_text][\/et_pb_column][\/et_pb_row][\/et_pb_section]<\/p>\n","protected":false},"excerpt":{"rendered":"<p>\u00a035K GRANOLLERS-\u00f2rrius-MATAR\u00d3 \/ 21k \u00d2rrius-Matar\u00f3Tornem! torna la Vallmar, despr\u00e9s de tot aquest temps,EL 26 DE JUNY tornem amb m\u00e9s ganes que mai. S\u00ed, s\u00ed! ho has llegit b\u00e9, tornem amb m\u00e9s \u00e0nims, amb m\u00e9s forces i amb dues dist\u00e0cies. La cl\u00e0ssica Granollers-Matar\u00f3 de 35k i la nova \u00d2rrius-Matar\u00f3 de 21k. Sortirem des de la Porxada [&hellip;]<\/p>\n","protected":false},"author":4,"featured_media":0,"parent":0,"menu_order":0,"comment_status":"closed","ping_status":"closed","template":"","meta":{"_et_pb_use_builder":"on","_et_pb_old_content":"","_et_gb_content_width":"","footnotes":""},"class_list":["post-9252","page","type-page","status-publish","hentry"],"_links":{"self":[{"href":"https:\/\/montsignus.com\/es\/wp-json\/wp\/v2\/pages\/9252","targetHints":{"allow":["GET"]}}],"collection":[{"href":"https:\/\/montsignus.com\/es\/wp-json\/wp\/v2\/pages"}],"about":[{"href":"https:\/\/montsignus.com\/es\/wp-json\/wp\/v2\/types\/page"}],"author":[{"embeddable":true,"href":"https:\/\/montsignus.com\/es\/wp-json\/wp\/v2\/users\/4"}],"replies":[{"embeddable":true,"href":"https:\/\/montsignus.com\/es\/wp-json\/wp\/v2\/comments?post=9252"}],"version-history":[{"count":22,"href":"https:\/\/montsignus.com\/es\/wp-json\/wp\/v2\/pages\/9252\/revisions"}],"predecessor-version":[{"id":9320,"href":"https:\/\/montsignus.com\/es\/wp-json\/wp\/v2\/pages\/9252\/revisions\/9320"}],"wp:attachment":[{"href":"https:\/\/montsignus.com\/es\/wp-json\/wp\/v2\/media?parent=9252"}],"curies":[{"name":"wp","href":"https:\/\/api.w.org\/{rel}","templated":true}]}}