{"id":1572,"date":"2019-03-08T08:20:03","date_gmt":"2019-03-08T08:20:03","guid":{"rendered":"https:\/\/montsignus.com\/producto\/vallmar\/"},"modified":"2020-02-05T15:30:06","modified_gmt":"2020-02-05T15:30:06","slug":"vallmar","status":"publish","type":"product","link":"https:\/\/montsignus.com\/es\/producto\/vallmar\/","title":{"rendered":"Vallmar"},"content":{"rendered":"<p>[et_pb_section bb_built=&#8221;1&#8243; _builder_version=&#8221;3.23.3&#8243; custom_margin=&#8221;-50px|||&#8221; inner_width_tablet=&#8221;50px&#8221; inner_max_width_tablet=&#8221;50px&#8221; box_shadow_horizontal_tablet=&#8221;0px&#8221; box_shadow_vertical_tablet=&#8221;0px&#8221; box_shadow_blur_tablet=&#8221;40px&#8221; box_shadow_spread_tablet=&#8221;0px&#8221; z_index_tablet=&#8221;500&#8243;][et_pb_row _builder_version=&#8221;3.23.3&#8243; background_size=&#8221;initial&#8221; background_position=&#8221;top_left&#8221; background_repeat=&#8221;repeat&#8221; width=&#8221;80%&#8221; max_width=&#8221;1080px&#8221;][et_pb_column type=&#8221;4_4&#8243;][et_pb_text _builder_version=&#8221;3.23.3&#8243;]<\/p>\n<div class=\"fusion-title title fusion-sep-none fusion-title-size-two fusion-border-below-title\">\n<h2 class=\"title-heading-left\">Infomaci\u00f3n Vallmar<\/h2>\n<p><strong>Fecha:<\/strong> 9 de junio<br \/>\n<strong>Reuni\u00f3n informativa:<\/strong> 7:50h zona de salida<br \/>\n<strong>Dorsales:<\/strong> S\u00e1bado de 17h a 20h y domingo de 07h a 07:45h (La Porxada\/Granollers )<\/p>\n<p><strong>IMPORTANTE: <\/strong>El corredor tiene derecho a realizar cambios en los datos o bien anular la inscripci\u00f3n, si esta es notificada antes del 15 de mayo, la devoluci\u00f3n del importe ser\u00e1 del 80% del total. En ning\u00fan caso se podr\u00e1n realizar cambios o reclamaciones a partir del 15 de mayo, este inclu\u00eddo.<\/p>\n<p><strong>Precio Vallmar:<\/strong><\/p>\n<p>&#8211; 26\u20ac inscripci\u00f3n<\/p>\n<p>&#8211; 26\u20ac + 5\u20ac seguro de d\u00eda (No federados).<\/p>\n<p>&#8211; 26\u20ac + 10\u20ac con la camiseta oficial.<\/p>\n<p>La inscripci\u00f3n a la Vallmar supone la aceptaci\u00f3n del <a href=\"http:\/\/montsignus.com\/wp-content\/uploads\/2019\/03\/REGLAMENT-Vallmar.pdf\" target=\"_blank\" rel=\"noopener noreferrer\">reglamento de la Vallmar.<\/a><\/p>\n<p>La Vallmar no es un recorrido circular, por lo que la organizaci\u00f3n ofrecer\u00e1 un servicio de transporte desde Matar\u00f3 hasta la zona de salida en Granollers para lo corredores que lo deseen con un<strong> coste de 8\u20ac<\/strong>, este servicio solo se podr\u00e1 contratar mediante la incripci\u00f3n online.<\/p>\n<p>Para m\u00e1s informaci\u00f3n haz <span style=\"color: #c20a0a;\"><a style=\"color: #c20a0a;\" href=\"https:\/\/montsignus.com\/es\/vallmar\/\" target=\"_blank\" rel=\"noopener noreferrer\">click aqu\u00ed<\/a><\/span><\/p>\n<\/div>\n<p>[\/et_pb_text][\/et_pb_column][\/et_pb_row][\/et_pb_section]<\/p>\n","protected":false},"excerpt":{"rendered":"<p>&#8211; Precio inscripci\u00f3n <strong>26\u20ac<\/strong>. (seguro m\u00e9dico de d\u00eda +5\u20ac no federados)<br \/>\n&#8211; La camiseta de la Vallmar es opcional y tiene un coste de 10\u20ac. (camiseta de la marca INVERSE)<\/p>\n<p>La Vallmar no es un recorrido circular, por lo que la organizaci\u00f3n ofrecer\u00e1 un servicio de transporte desde Matar\u00f3 hasta la zona de salida en Granollers para lo corredores que lo deseen con un<strong> coste de 8\u20ac<\/strong>, este servicio solo se podr\u00e1 contratar mediante la incripci\u00f3n online.<\/p>\n","protected":false},"featured_media":9306,"comment_status":"closed","ping_status":"closed","template":"","meta":{"_et_pb_use_builder":"on","_et_pb_old_content":"","_et_gb_content_width":""},"product_brand":[],"product_cat":[68],"product_tag":[],"class_list":{"0":"post-1572","1":"product","2":"type-product","3":"status-publish","4":"has-post-thumbnail","6":"product_cat-vallmar-es","8":"first","9":"outofstock","10":"sold-individually","11":"taxable","12":"shipping-taxable","13":"purchasable","14":"product-type-variable"},"_links":{"self":[{"href":"https:\/\/montsignus.com\/es\/wp-json\/wp\/v2\/product\/1572","targetHints":{"allow":["GET"]}}],"collection":[{"href":"https:\/\/montsignus.com\/es\/wp-json\/wp\/v2\/product"}],"about":[{"href":"https:\/\/montsignus.com\/es\/wp-json\/wp\/v2\/types\/product"}],"replies":[{"embeddable":true,"href":"https:\/\/montsignus.com\/es\/wp-json\/wp\/v2\/comments?post=1572"}],"wp:featuredmedia":[{"embeddable":true,"href":"https:\/\/montsignus.com\/es\/wp-json\/wp\/v2\/media\/9306"}],"wp:attachment":[{"href":"https:\/\/montsignus.com\/es\/wp-json\/wp\/v2\/media?parent=1572"}],"wp:term":[{"taxonomy":"product_brand","embeddable":true,"href":"https:\/\/montsignus.com\/es\/wp-json\/wp\/v2\/product_brand?post=1572"},{"taxonomy":"product_cat","embeddable":true,"href":"https:\/\/montsignus.com\/es\/wp-json\/wp\/v2\/product_cat?post=1572"},{"taxonomy":"product_tag","embeddable":true,"href":"https:\/\/montsignus.com\/es\/wp-json\/wp\/v2\/product_tag?post=1572"}],"curies":[{"name":"wp","href":"https:\/\/api.w.org\/{rel}","templated":true}]}}