{"id":1588,"date":"2018-12-21T10:46:11","date_gmt":"2018-12-21T10:46:11","guid":{"rendered":"https:\/\/montsignus.com\/producto\/mini-trail\/"},"modified":"2019-05-31T08:50:47","modified_gmt":"2019-05-31T08:50:47","slug":"mini-trail","status":"publish","type":"product","link":"https:\/\/montsignus.com\/es\/producto\/mini-trail\/","title":{"rendered":"Mini Trail"},"content":{"rendered":"<p>[et_pb_section bb_built=&#8221;1&#8243; _builder_version=&#8221;3.18.4&#8243; custom_margin=&#8221;-50px|||&#8221; inner_width=&#8221;auto&#8221; inner_max_width=&#8221;none&#8221;][et_pb_row _builder_version=&#8221;3.22.7&#8243; z_index_tablet=&#8221;500&#8243;][et_pb_column type=&#8221;4_4&#8243;][et_pb_text _builder_version=&#8221;3.19.3&#8243;]<\/p>\n<div class=\"fusion-title title fusion-sep-none fusion-title-size-two fusion-border-below-title\">\n<h2 class=\"title-heading-left\">Infomaci\u00f3n Mini Trail<\/h2>\n<p><strong>Fecha l\u00edmite de les inscripciones:<\/strong> 20 de mayo del 2019 o bien al agotar inscripciones (250).<\/p>\n<\/div>\n<ul>\n<li>La recogida de dorsales y bolsa del corredor ser\u00e1 de 11:00 a 13:00h. y de 16:00 a 17:00h. al COMPLEX ESPORTIU J\u00daLIA, pasada esta hora ya NO se repartiran dorsales bajo ninguna circustancia. La recogida del dorsal se realizar\u00e1 con la entrega del permiso paterno, juntamente con una fotocopia del DNI.<\/li>\n<li><b>Los ganadores de la Mini Trail, categor\u00edas Agudes y Tur\u00f3, \u00a0domingo se realizar\u00e1 la entrega de premios a los campeones del Trail Sant Esteve<\/b>.<\/li>\n<li>A la categoria de St. Elies y Samon\u00a0 los padres o tutores legales est\u00e1n obligados a correr con los ni\u00f1os (solamente un adulto por ni\u00f1o).<\/li>\n<li>El recorrido est\u00e1 debidamente se\u00f1alizado con cintas.<\/li>\n<li>Los corredores dispondr\u00e1n de un avituallamiento a la llegada.<\/li>\n<\/ul>\n<div class=\"fusion-title title fusion-sep-none fusion-title-size-two fusion-border-below-title\">\n<p>Todos los menos ir\u00e1n acompa\u00f1ados de los padres o tutores legales, la organizaci\u00f3n tendr\u00e1 el recorrido que estar\u00e1 marcado el s\u00e1bado 26 de mayo de 2019 a las 13 horas, este recorrido deber\u00e1 ser recorrido y validado por los padres o tutores legales y en cualquier caso ser\u00e1n los que decidan si el menor correr\u00e1 o no en una \u00faltima instancia. Las im\u00e1genes generadas por la Mini Trail son propiedad de a organizaci\u00f3n, los padres o tutores legales dan su consentimientos para su uso en redes sociales de la organizaci\u00f3n.<br \/>\nDespu\u00e9s de leer y entender tanto lo expuesto aqu\u00ed como el reglamento de la Mini Trail, me dispongo a realizar la inscripci\u00f3n del menor,<\/p>\n<p>Para m\u00e1s informaci\u00f3n haz <span style=\"color: #c20a0a;\"><a style=\"color: #c20a0a;\" href=\"https:\/\/trailse.com\/mini-trail\/\" target=\"_blank\" rel=\"noopener noreferrer\">click aqu\u00ed<\/a><\/span><\/p>\n<\/div>\n<p>[\/et_pb_text][\/et_pb_column][\/et_pb_row][\/et_pb_section]<\/p>\n","protected":false},"excerpt":{"rendered":"<p>Infomaci\u00f3n Mini Trail Fecha l\u00edmite de les inscripciones: 20 de mayo del 2019 o bien al agotar inscripciones (250). La recogida de dorsales y bolsa del corredor ser\u00e1 de 11:00 a 13:00h. y de 16:00 a 17:00h. al COMPLEX ESPORTIU J\u00daLIA, pasada esta hora ya NO se repartiran dorsales bajo ninguna circustancia. La recogida del [&hellip;]<\/p>\n","protected":false},"featured_media":1589,"comment_status":"closed","ping_status":"closed","template":"","meta":{"_et_pb_use_builder":"on","_et_pb_old_content":"","_et_gb_content_width":""},"product_brand":[],"product_cat":[66],"product_tag":[],"class_list":{"0":"post-1588","1":"product","2":"type-product","3":"status-publish","4":"has-post-thumbnail","6":"product_cat-trail-es","8":"first","9":"outofstock","10":"sold-individually","11":"taxable","12":"shipping-taxable","13":"purchasable","14":"product-type-variable"},"_links":{"self":[{"href":"https:\/\/montsignus.com\/es\/wp-json\/wp\/v2\/product\/1588","targetHints":{"allow":["GET"]}}],"collection":[{"href":"https:\/\/montsignus.com\/es\/wp-json\/wp\/v2\/product"}],"about":[{"href":"https:\/\/montsignus.com\/es\/wp-json\/wp\/v2\/types\/product"}],"replies":[{"embeddable":true,"href":"https:\/\/montsignus.com\/es\/wp-json\/wp\/v2\/comments?post=1588"}],"wp:featuredmedia":[{"embeddable":true,"href":"https:\/\/montsignus.com\/es\/wp-json\/wp\/v2\/media\/1589"}],"wp:attachment":[{"href":"https:\/\/montsignus.com\/es\/wp-json\/wp\/v2\/media?parent=1588"}],"wp:term":[{"taxonomy":"product_brand","embeddable":true,"href":"https:\/\/montsignus.com\/es\/wp-json\/wp\/v2\/product_brand?post=1588"},{"taxonomy":"product_cat","embeddable":true,"href":"https:\/\/montsignus.com\/es\/wp-json\/wp\/v2\/product_cat?post=1588"},{"taxonomy":"product_tag","embeddable":true,"href":"https:\/\/montsignus.com\/es\/wp-json\/wp\/v2\/product_tag?post=1588"}],"curies":[{"name":"wp","href":"https:\/\/api.w.org\/{rel}","templated":true}]}}