{"id":1600,"date":"2018-12-20T11:01:03","date_gmt":"2019-05-31T09:04:13","guid":{"rendered":"https:\/\/montsignus.com\/producto\/trail-sant-esteve\/"},"modified":"2025-04-08T21:31:27","modified_gmt":"2025-04-08T21:31:27","slug":"trail-sant-esteve-2","status":"publish","type":"product","link":"https:\/\/montsignus.com\/es\/producto\/trail-sant-esteve-2\/","title":{"rendered":"Trail Sant Esteve"},"content":{"rendered":"<p>[et_pb_section fb_built=&#8221;1&#8243; _builder_version=&#8221;4.16&#8243; custom_margin=&#8221;-50px|||&#8221; global_colors_info=&#8221;{}&#8221;][et_pb_row _builder_version=&#8221;4.16&#8243; background_size=&#8221;initial&#8221; background_position=&#8221;top_left&#8221; background_repeat=&#8221;repeat&#8221; global_colors_info=&#8221;{}&#8221;][et_pb_column type=&#8221;4_4&#8243; _builder_version=&#8221;4.16&#8243; custom_padding=&#8221;|||&#8221; global_colors_info=&#8221;{}&#8221; custom_padding__hover=&#8221;|||&#8221;][et_pb_text _builder_version=&#8221;4.16&#8243; global_colors_info=&#8221;{}&#8221;]<\/p>\n<div class=\"fusion-layout-column fusion_builder_column fusion_builder_column_1_2 fusion-one-half fusion-column-first 1_2\">\n<div class=\"fusion-column-wrapper\" data-bg-url=\"\">\n<div class=\"fusion-title title fusion-sep-none fusion-title-size-two fusion-border-below-title\">\n<div class=\"fusion-title title fusion-sep-none fusion-title-size-two fusion-border-below-title\">\n<h2 class=\"title-heading-left\">Informaci\u00f3n Trail<\/h2>\n<h2 class=\"title-heading-left\"><\/h2>\n<p><strong>Precio Trail 19km:<\/strong><\/p>\n<p>&#8211; 23\u20ac hasta el 31 de enero. (Seguro accidentes de d\u00eda + 5\u20ac no federado)<\/p>\n<p>&#8211; 27\u20ac hasta el 30 de abril. (Seguro accidentes de d\u00eda + 5\u20ac no federado)<\/p>\n<p>&#8211; 32\u20ac hasta el 20 de mayo. (Seguro accidentes de d\u00eda + 5\u20ac no federado)<\/p>\n<p>He le\u00eddo y entendido las reglas de la Trail Sant Esteve y todas sus modalidades y acepto las condiciones.<\/p>\n<p>La organizaci\u00f3n se reserva el derecho de realizar inscripciones el mismo d\u00eda de la carrera con una penalizaci\u00f3n de 5\u20ac sobre el \u00faltimo precio establecido (seguro de accidentes de d\u00eda + 5\u20ac no federado)<\/p>\n<p>Para obtener m\u00e1s informaci\u00f3n, <span style=\"color: #c20a0a;\"><a style=\"color: #c20a0a;\" href=\"https:\/\/trailse.com\/trail\/\" target=\"_blank\" rel=\"noopener noreferrer\">haga clic aqu\u00ed<\/a><\/span><\/p>\n<\/div>\n<div class=\"fusion-text\"><\/div>\n<\/div>\n<\/div>\n<\/div>\n<p>[\/et_pb_text][\/et_pb_column][\/et_pb_row][\/et_pb_section]<\/p>\n","protected":false},"excerpt":{"rendered":"<p>TRAIL 27K<\/p>\n<p>&#8211; 24\u20ac hasta el 31\/01\/2024<br \/>\n&#8211; 29\u20ac hasta el 30\/04\/2024<br \/>\n&#8211; 34 hasta el 20\/05\/2024<\/p>\n<p>Los participantes no federados, deber\u00e1n contratar el seguro de accidentes de d\u00eda con un coste de 5\u20ac<\/p>\n<p>El registro se cierra el 20 de mayo, o cuando se agoten las inscripciones (200 participantes).<\/p>\n<p>&nbsp;<\/p>\n<p>&nbsp;<\/p>\n","protected":false},"featured_media":7691,"comment_status":"closed","ping_status":"closed","template":"","meta":{"_et_pb_use_builder":"on","_et_pb_old_content":"","_et_gb_content_width":""},"product_brand":[],"product_cat":[66],"product_tag":[],"class_list":{"0":"post-1600","1":"product","2":"type-product","3":"status-publish","4":"has-post-thumbnail","6":"product_cat-trail-es","8":"first","9":"instock","10":"sold-individually","11":"taxable","12":"shipping-taxable","13":"purchasable","14":"product-type-variable"},"_links":{"self":[{"href":"https:\/\/montsignus.com\/es\/wp-json\/wp\/v2\/product\/1600","targetHints":{"allow":["GET"]}}],"collection":[{"href":"https:\/\/montsignus.com\/es\/wp-json\/wp\/v2\/product"}],"about":[{"href":"https:\/\/montsignus.com\/es\/wp-json\/wp\/v2\/types\/product"}],"replies":[{"embeddable":true,"href":"https:\/\/montsignus.com\/es\/wp-json\/wp\/v2\/comments?post=1600"}],"wp:featuredmedia":[{"embeddable":true,"href":"https:\/\/montsignus.com\/es\/wp-json\/wp\/v2\/media\/7691"}],"wp:attachment":[{"href":"https:\/\/montsignus.com\/es\/wp-json\/wp\/v2\/media?parent=1600"}],"wp:term":[{"taxonomy":"product_brand","embeddable":true,"href":"https:\/\/montsignus.com\/es\/wp-json\/wp\/v2\/product_brand?post=1600"},{"taxonomy":"product_cat","embeddable":true,"href":"https:\/\/montsignus.com\/es\/wp-json\/wp\/v2\/product_cat?post=1600"},{"taxonomy":"product_tag","embeddable":true,"href":"https:\/\/montsignus.com\/es\/wp-json\/wp\/v2\/product_tag?post=1600"}],"curies":[{"name":"wp","href":"https:\/\/api.w.org\/{rel}","templated":true}]}}