{"id":1632,"date":"2019-05-31T09:53:00","date_gmt":"2019-05-31T10:03:33","guid":{"rendered":"https:\/\/montsignus.com\/producto\/la-marato-del-montseny\/"},"modified":"2025-04-28T09:50:58","modified_gmt":"2025-04-28T09:50:58","slug":"la-marato-del-montseny-2","status":"publish","type":"product","link":"https:\/\/montsignus.com\/es\/producto\/la-marato-del-montseny-2\/","title":{"rendered":"Marat\u00f3 del Montseny"},"content":{"rendered":"<p>[et_pb_section fb_built=&#8221;1&#8243; _builder_version=&#8221;4.16&#8243; global_colors_info=&#8221;{}&#8221;][et_pb_row _builder_version=&#8221;4.16&#8243; background_size=&#8221;initial&#8221; background_position=&#8221;top_left&#8221; background_repeat=&#8221;repeat&#8221; global_colors_info=&#8221;{}&#8221;][et_pb_column type=&#8221;4_4&#8243; _builder_version=&#8221;4.16&#8243; custom_padding=&#8221;|||&#8221; global_colors_info=&#8221;{}&#8221; custom_padding__hover=&#8221;|||&#8221;][et_pb_text _builder_version=&#8221;4.16&#8243; z_index_tablet=&#8221;500&#8243; text_text_shadow_horizontal_length_tablet=&#8221;0px&#8221; text_text_shadow_vertical_length_tablet=&#8221;0px&#8221; text_text_shadow_blur_strength_tablet=&#8221;1px&#8221; link_text_shadow_horizontal_length_tablet=&#8221;0px&#8221; link_text_shadow_vertical_length_tablet=&#8221;0px&#8221; link_text_shadow_blur_strength_tablet=&#8221;1px&#8221; ul_text_shadow_horizontal_length_tablet=&#8221;0px&#8221; ul_text_shadow_vertical_length_tablet=&#8221;0px&#8221; ul_text_shadow_blur_strength_tablet=&#8221;1px&#8221; ol_text_shadow_horizontal_length_tablet=&#8221;0px&#8221; ol_text_shadow_vertical_length_tablet=&#8221;0px&#8221; ol_text_shadow_blur_strength_tablet=&#8221;1px&#8221; quote_text_shadow_horizontal_length_tablet=&#8221;0px&#8221; quote_text_shadow_vertical_length_tablet=&#8221;0px&#8221; quote_text_shadow_blur_strength_tablet=&#8221;1px&#8221; header_text_shadow_horizontal_length_tablet=&#8221;0px&#8221; header_text_shadow_vertical_length_tablet=&#8221;0px&#8221; header_text_shadow_blur_strength_tablet=&#8221;1px&#8221; header_2_text_shadow_horizontal_length_tablet=&#8221;0px&#8221; header_2_text_shadow_vertical_length_tablet=&#8221;0px&#8221; header_2_text_shadow_blur_strength_tablet=&#8221;1px&#8221; header_3_text_shadow_horizontal_length_tablet=&#8221;0px&#8221; header_3_text_shadow_vertical_length_tablet=&#8221;0px&#8221; header_3_text_shadow_blur_strength_tablet=&#8221;1px&#8221; header_4_text_shadow_horizontal_length_tablet=&#8221;0px&#8221; header_4_text_shadow_vertical_length_tablet=&#8221;0px&#8221; header_4_text_shadow_blur_strength_tablet=&#8221;1px&#8221; header_5_text_shadow_horizontal_length_tablet=&#8221;0px&#8221; header_5_text_shadow_vertical_length_tablet=&#8221;0px&#8221; header_5_text_shadow_blur_strength_tablet=&#8221;1px&#8221; header_6_text_shadow_horizontal_length_tablet=&#8221;0px&#8221; header_6_text_shadow_vertical_length_tablet=&#8221;0px&#8221; header_6_text_shadow_blur_strength_tablet=&#8221;1px&#8221; box_shadow_horizontal_tablet=&#8221;0px&#8221; box_shadow_vertical_tablet=&#8221;0px&#8221; box_shadow_blur_tablet=&#8221;40px&#8221; box_shadow_spread_tablet=&#8221;0px&#8221; global_colors_info=&#8221;{}&#8221;]<\/p>\n<div class=\"et_pb_module et_pb_blurb et_pb_blurb_0 et_pb_bg_layout_light et_pb_text_align_left et_pb_blurb_position_left\">\n<div class=\"et_pb_blurb_content\">\n<div class=\"et_pb_blurb_container\">\n<p>En caso de devoluci\u00f3n estas ser\u00e1 del 80% del importe de la inscripci\u00f3n, y en ning\u00fan caso, no se podr\u00e1n realizar cambios ni devoluciones del importe de la misma a partir del 15 de octubre.\u00a0\u00a0<\/p>\n<p>*La inscripci\u00f3n es personal e intransferible.\u00a0<\/p>\n<p class=\"et_pb_module_header\"><strong>Fecha:<\/strong> Domingo, 10 de noviembre, 2019<\/p>\n<p><strong>Salida:<\/strong> Plaza principal de St Esteve de Palautordera 08h.<\/p>\n<p><strong>Hora de briefing:<\/strong> S\u00e1bado 9 de noviembre, a las 20:00H. Teatro Pare Casals.<\/p>\n<p><strong>Recogida de dorsales:<\/strong> S\u00e1bado de 18h a 20h\/Domingo de 06h a 07,30 H. Pabell\u00f3n Municipal.<\/p>\n<p><strong>Distancia:<\/strong> 45 Km.<\/p>\n<p><strong>Desnivel positivo:<\/strong> 2.752 metros aprox.<\/p>\n<p><strong>Desnivel negativo:<\/strong> 2.752 metros aprox.<\/p>\n<p><strong>Altura m\u00e1xima de la carrera:<\/strong> 1.708 metros (Cumbre del Tur\u00f3 de l&#8217;home).<\/p>\n<p><strong>Altura m\u00ednima de la carrera: <\/strong>229 metros.<\/p>\n<p><strong>Cortes de paso: <\/strong><\/p>\n<\/div>\n<\/div>\n<\/div>\n<div class=\"et_pb_module et_pb_blurb et_pb_blurb_5 et_pb_bg_layout_light et_pb_text_align_left et_pb_blurb_position_left\">\n<div class=\"et_pb_blurb_content\">\n<div class=\"et_pb_blurb_container\">\n<div class=\"et_pb_blurb_description\">\n<p>St. Bernat 3H 15 minutos<\/p>\n<p>St. Mar\u00e7al 4H 45min<\/p>\n<p>Llegada 8H 30min.<\/p>\n<p>Para obtener m\u00e1s informaci\u00f3n, <span style=\"color: #ff0000;\"><a style=\"color: #ff0000;\" href=\"https:\/\/lamaratodelmontseny.com\/la-marato\/\" target=\"_blank\" rel=\"noopener noreferrer\">haga clic aqu\u00ed<\/a><\/span><\/p>\n<\/div>\n<\/div>\n<\/div>\n<\/div>\n<p>[\/et_pb_text][\/et_pb_column][\/et_pb_row][\/et_pb_section]<\/p>\n","protected":false},"excerpt":{"rendered":"<p>\u2013 Fins al 31 de maig 45\u20ac (Asseguran\u00e7a d&#8217;accidents de dia + 8\u20ac els no federats).<br \/>\n\u2013 Fins al 31 d&#8217;agost 50\u20ac (Asseguran\u00e7a d&#8217;accidents de dia + 8\u20ac els no federat).<br \/>\n\u2013 Fins a l&#8217;1 de novembre 55\u20ac (asseguran\u00e7a d&#8217;accidents de dia + 8\u20ac els no federat) fins a l&#8217;1 de novembre.<\/p>\n<p>Assegurances v\u00e0lides: La de qualsevol federaci\u00f3, Itra o m\u00fatua privada que es pugui certificar.<\/p>\n<p>Les inscripcions es tancaran el dia 1 de novembre.<\/p>\n<p>\u2013 Hasta el 31 de mayo 45\u20ac. (Seguro m\u00e9dico de d\u00eda + 8\u20ac no federado).<br \/>\n\u2013 Hasta el 31 de agosto 50\u20ac (Seguro m\u00e9dico de d\u00eda + 8\u20ac no federado).<br \/>\n\u2013 Hasta el 1 de noviembre 55\u20ac (Seguro m\u00e9dico de d\u00eda + 8\u20ac no federado) hasta el 1 de noviembre.<\/p>\n<p>Seguros v\u00e1lidos: La de cualquier federaci\u00f3n, Itra o mutua privada que se pueda certificar.<\/p>\n<div>Las inscripciones se cerraran el 1 de noviembre.<\/div>\n","protected":false},"featured_media":3895,"comment_status":"closed","ping_status":"closed","template":"","meta":{"_et_pb_use_builder":"on","_et_pb_old_content":"","_et_gb_content_width":""},"product_brand":[],"product_cat":[66],"product_tag":[],"class_list":{"0":"post-1632","1":"product","2":"type-product","3":"status-publish","4":"has-post-thumbnail","6":"product_cat-trail-es","8":"first","9":"outofstock","10":"sold-individually","11":"taxable","12":"shipping-taxable","13":"purchasable","14":"product-type-variable"},"_links":{"self":[{"href":"https:\/\/montsignus.com\/es\/wp-json\/wp\/v2\/product\/1632","targetHints":{"allow":["GET"]}}],"collection":[{"href":"https:\/\/montsignus.com\/es\/wp-json\/wp\/v2\/product"}],"about":[{"href":"https:\/\/montsignus.com\/es\/wp-json\/wp\/v2\/types\/product"}],"replies":[{"embeddable":true,"href":"https:\/\/montsignus.com\/es\/wp-json\/wp\/v2\/comments?post=1632"}],"wp:featuredmedia":[{"embeddable":true,"href":"https:\/\/montsignus.com\/es\/wp-json\/wp\/v2\/media\/3895"}],"wp:attachment":[{"href":"https:\/\/montsignus.com\/es\/wp-json\/wp\/v2\/media?parent=1632"}],"wp:term":[{"taxonomy":"product_brand","embeddable":true,"href":"https:\/\/montsignus.com\/es\/wp-json\/wp\/v2\/product_brand?post=1632"},{"taxonomy":"product_cat","embeddable":true,"href":"https:\/\/montsignus.com\/es\/wp-json\/wp\/v2\/product_cat?post=1632"},{"taxonomy":"product_tag","embeddable":true,"href":"https:\/\/montsignus.com\/es\/wp-json\/wp\/v2\/product_tag?post=1632"}],"curies":[{"name":"wp","href":"https:\/\/api.w.org\/{rel}","templated":true}]}}