{"id":5481,"date":"2020-10-23T12:16:56","date_gmt":"2020-11-02T22:58:05","guid":{"rendered":"https:\/\/montsignus.com\/producto\/sotabosc-18k\/"},"modified":"2025-11-27T09:12:37","modified_gmt":"2025-11-27T09:12:37","slug":"sotabosc-18k","status":"publish","type":"product","link":"https:\/\/montsignus.com\/es\/producto\/sotabosc-18k\/","title":{"rendered":"La Sotabosc"},"content":{"rendered":"<p>[et_pb_section fb_built=&#8221;1&#8243; _builder_version=&#8221;4.16&#8243; custom_padding=&#8221;0px||||false|false&#8221; global_colors_info=&#8221;{}&#8221;][et_pb_row _builder_version=&#8221;4.16&#8243; background_size=&#8221;initial&#8221; background_position=&#8221;top_left&#8221; background_repeat=&#8221;repeat&#8221; width=&#8221;100%&#8221; custom_padding=&#8221;0px||0px||false|false&#8221; global_colors_info=&#8221;{}&#8221;][et_pb_column type=&#8221;4_4&#8243; _builder_version=&#8221;4.16&#8243; custom_padding=&#8221;|||&#8221; global_colors_info=&#8221;{}&#8221; custom_padding__hover=&#8221;|||&#8221;][et_pb_wc_breadcrumb _builder_version=&#8221;4.16&#8243; global_colors_info=&#8221;{}&#8221;][\/et_pb_wc_breadcrumb][et_pb_wc_cart_notice _builder_version=&#8221;4.16&#8243; global_colors_info=&#8221;{}&#8221;][\/et_pb_wc_cart_notice][\/et_pb_column][\/et_pb_row][et_pb_row column_structure=&#8221;1_2,1_2&#8243; _builder_version=&#8221;4.16&#8243; background_size=&#8221;initial&#8221; background_position=&#8221;top_left&#8221; background_repeat=&#8221;repeat&#8221; width=&#8221;100%&#8221; custom_padding=&#8221;0px||||false|false&#8221; global_colors_info=&#8221;{}&#8221;][et_pb_column type=&#8221;1_2&#8243; _builder_version=&#8221;4.16&#8243; custom_padding=&#8221;|||&#8221; global_colors_info=&#8221;{}&#8221; custom_padding__hover=&#8221;|||&#8221;][et_pb_wc_images _builder_version=&#8221;4.16&#8243; global_colors_info=&#8221;{}&#8221;][\/et_pb_wc_images][\/et_pb_column][et_pb_column type=&#8221;1_2&#8243; _builder_version=&#8221;4.16&#8243; custom_padding=&#8221;|||&#8221; global_colors_info=&#8221;{}&#8221; custom_padding__hover=&#8221;|||&#8221;][et_pb_wc_title _builder_version=&#8221;4.16&#8243; global_colors_info=&#8221;{}&#8221;][\/et_pb_wc_title][et_pb_wc_description _builder_version=&#8221;4.27.4&#8243; global_colors_info=&#8221;{}&#8221;][\/et_pb_wc_description][et_pb_wc_add_to_cart _builder_version=&#8221;4.16&#8243; field_label_text_color=&#8221;#000000&#8243; custom_button=&#8221;on&#8221; button_text_color=&#8221;#ffffff&#8221; button_bg_color=&#8221;#e02b20&#8243; button_border_width=&#8221;2px&#8221; button_border_color=&#8221;#0c71c3&#8243; button_border_radius=&#8221;10px&#8221; button_text_shadow_style=&#8221;preset2&#8243; box_shadow_style_button=&#8221;preset2&#8243; body_text_color=&#8221;#000000&#8243; global_colors_info=&#8221;{}&#8221;][\/et_pb_wc_add_to_cart][et_pb_wc_meta _builder_version=&#8221;4.16&#8243; global_colors_info=&#8221;{}&#8221;][\/et_pb_wc_meta][\/et_pb_column][\/et_pb_row][et_pb_row _builder_version=&#8221;4.16&#8243; background_size=&#8221;initial&#8221; background_position=&#8221;top_left&#8221; background_repeat=&#8221;repeat&#8221; width=&#8221;100%&#8221; global_colors_info=&#8221;{}&#8221;][et_pb_column type=&#8221;4_4&#8243; _builder_version=&#8221;4.16&#8243; custom_padding=&#8221;|||&#8221; global_colors_info=&#8221;{}&#8221; custom_padding__hover=&#8221;|||&#8221;][et_pb_wc_tabs include_tabs=&#8221;description|&#8221; _builder_version=&#8221;4.16&#8243; global_colors_info=&#8221;{}&#8221;]\t\t\t\t\t[\/et_pb_wc_tabs][et_pb_wc_upsells _builder_version=&#8221;4.16&#8243; global_colors_info=&#8221;{}&#8221;][\/et_pb_wc_upsells][et_pb_wc_related_products _builder_version=&#8221;4.16&#8243; global_colors_info=&#8221;{}&#8221;][\/et_pb_wc_related_products][\/et_pb_column][\/et_pb_row][\/et_pb_section]<\/p>\n","protected":false},"excerpt":{"rendered":"<p style=\"text-align: center;\"><strong>Inscripciones Abiertas!<\/strong><\/p>\n<p style=\"text-align: center;\">El 28 de diciembre llega la cuarta edici\u00f3n de \u201cLa Sotabosc\u201d.<\/p>\n<p style=\"text-align: center;\">\u00a1Ven a Sant Esteve de Palautordera a quemar los canelones, los turrones, los barquillos y todo lo que hayas pillado!<\/p>\n<p style=\"text-align: center;\">Si te hace falta, te dejaremos dar dos vueltas.<\/p>\n<p style=\"text-align: center;\">Precio inscripciones: Hasta el 31 de octubre 18\u20ac.<\/p>\n<p style=\"text-align: center;\">Si te inscribes en este per\u00edodo, nos haces un favor, as\u00ed podemos controlar mejor las camisetas y sus tallas y el material que necesitaremos.<\/p>\n<p style=\"text-align: center;\">Hasta cerrar inscripciones 23\u20ac.<\/p>\n<p style=\"text-align: center;\">Ahora te toca pagar m\u00e1s, \u00a1mira que te lo dijimos eh!<\/p>\n<p style=\"text-align: center;\">Las inscripciones el mismo d\u00eda, tendr\u00e1n un precio de 25\u20ac, no queremos tener que buscar cambio y has tenido tiempo m\u00e1s que de sobra para hacerlo antes, \u00a1aaah se siente!<\/p>\n<p style=\"text-align: center;\">(Los corredores no federados tendr\u00e1n que contratar el seguro de accidentes de d\u00eda con un coste de 5\u20ac).<\/p>\n<p style=\"text-align: center;\">&#8220;La Sotabosc&#8221; te har\u00e1 pasar una gran ma\u00f1ana de trail running, ven a cerrar el a\u00f1o haciendo lo que m\u00e1s te gusta.<\/p>\n","protected":false},"featured_media":15982,"comment_status":"closed","ping_status":"closed","template":"","meta":{"_et_pb_use_builder":"on","_et_pb_old_content":"<p style=\"text-align: center\"><strong>La Sotabosc, una carrera\/marcha no competitiva por monta\u00f1a para todos los corredores, salvaje y divertida, senderos y m\u00e1s senderos te est\u00e1n esperando.<\/strong><\/p>\r\n<p style=\"text-align: center\"><strong>D\u00eda:<\/strong> 28 de diciembre<\/p>\r\n<p style=\"text-align: center\"><strong>Poblaci\u00f3n:<\/strong> Sant Esteve de Palautordera (Barcelona).<\/p>\r\n<p style=\"text-align: center\"><strong>Modalitad:<\/strong> Carrera\/marcha no competitiva<\/p>\r\n<p style=\"text-align: center\"><strong>Hora de salida:<\/strong> 10:00h am<\/p>\r\n<p style=\"text-align: center\"><strong>Lugar de salida:<\/strong> Pla\u00e7a de l'esg\u00e9sia.<\/p>\r\n<p style=\"text-align: center\"><strong>Tiempo m\u00e1ximo para realizar la carrera:<\/strong> 3h.<\/p>\r\n<p style=\"text-align: center\"><strong>Avituallamientos:<\/strong> 2, m\u00e1s la llegada, total 3.<\/p>\r\n<p style=\"text-align: center\"><strong>Obsequio:<\/strong> Camiseta de \"La Sotabosc\".<\/p>","_et_gb_content_width":""},"product_brand":[],"product_cat":[66],"product_tag":[78],"class_list":{"0":"post-5481","1":"product","2":"type-product","3":"status-publish","4":"has-post-thumbnail","6":"product_cat-trail-es","7":"product_tag-sotabosc-18k","9":"first","10":"instock","11":"sold-individually","12":"taxable","13":"shipping-taxable","14":"purchasable","15":"product-type-variable"},"_links":{"self":[{"href":"https:\/\/montsignus.com\/es\/wp-json\/wp\/v2\/product\/5481","targetHints":{"allow":["GET"]}}],"collection":[{"href":"https:\/\/montsignus.com\/es\/wp-json\/wp\/v2\/product"}],"about":[{"href":"https:\/\/montsignus.com\/es\/wp-json\/wp\/v2\/types\/product"}],"replies":[{"embeddable":true,"href":"https:\/\/montsignus.com\/es\/wp-json\/wp\/v2\/comments?post=5481"}],"wp:featuredmedia":[{"embeddable":true,"href":"https:\/\/montsignus.com\/es\/wp-json\/wp\/v2\/media\/15982"}],"wp:attachment":[{"href":"https:\/\/montsignus.com\/es\/wp-json\/wp\/v2\/media?parent=5481"}],"wp:term":[{"taxonomy":"product_brand","embeddable":true,"href":"https:\/\/montsignus.com\/es\/wp-json\/wp\/v2\/product_brand?post=5481"},{"taxonomy":"product_cat","embeddable":true,"href":"https:\/\/montsignus.com\/es\/wp-json\/wp\/v2\/product_cat?post=5481"},{"taxonomy":"product_tag","embeddable":true,"href":"https:\/\/montsignus.com\/es\/wp-json\/wp\/v2\/product_tag?post=5481"}],"curies":[{"name":"wp","href":"https:\/\/api.w.org\/{rel}","templated":true}]}}